{"id":31,"date":"2022-12-22T11:02:54","date_gmt":"2022-12-22T11:02:54","guid":{"rendered":"https:\/\/www.snapi.ch\/?page_id=31"},"modified":"2023-01-02T12:21:42","modified_gmt":"2023-01-02T12:21:42","slug":"dogs","status":"publish","type":"page","link":"https:\/\/www.snapi.ch\/index.php\/dogs\/","title":{"rendered":"Dogs"},"content":{"rendered":"<p>[et_pb_section fb_built=&#8221;1&#8243; _builder_version=&#8221;4.19.1&#8243; _module_preset=&#8221;default&#8221; global_colors_info=&#8221;{}&#8221;][et_pb_row _builder_version=&#8221;4.19.1&#8243; _module_preset=&#8221;default&#8221; global_colors_info=&#8221;{}&#8221;][et_pb_column type=&#8221;4_4&#8243; _builder_version=&#8221;4.19.1&#8243; _module_preset=&#8221;default&#8221; global_colors_info=&#8221;{}&#8221;][et_pb_text _builder_version=&#8221;4.19.1&#8243; _module_preset=&#8221;default&#8221; global_colors_info=&#8221;{}&#8221;]<\/p>\n<p><span style=\"font-weight: 400;\">Warum Snapi?\u00a0<\/span><\/p>\n<p><span style=\"font-weight: 400;\">Wir geben euch und euren Haustieren Support aus der Schweiz f\u00fcr die Schweiz.\u00a0<\/span><\/p>\n<p><span style=\"font-weight: 400;\">Die Software wurde von uns entwickelt und gibt euch und eurem liebsten Haustier eine zus\u00e4tzliche Sicherheit. Sollte mal der Liebling ausb\u00fcxen, macht euch keine Sorgen, sobald der Tag von dem Finder gescannt wird, erh\u00e4lt ihr sofort eine Benachrichtigung auf euer Handy. Die Anh\u00e4nger werden von uns mit viel Liebe von Hand gemacht.\u00a0<\/span><\/p>\n<p>&nbsp;<\/p>\n<p><span style=\"font-weight: 400;\">Einfach, schnell, Smart und Effektiv <\/span><\/p>\n<p>[\/et_pb_text][\/et_pb_column][\/et_pb_row][et_pb_row _builder_version=&#8221;4.19.1&#8243; _module_preset=&#8221;default&#8221; global_colors_info=&#8221;{}&#8221;][et_pb_column type=&#8221;4_4&#8243; _builder_version=&#8221;4.19.1&#8243; _module_preset=&#8221;default&#8221; global_colors_info=&#8221;{}&#8221;][et_pb_text _builder_version=&#8221;4.19.1&#8243; _module_preset=&#8221;default&#8221; global_colors_info=&#8221;{}&#8221;]<\/p>\n<p><span style=\"font-weight: 400;\">Wie funktioniert Snapi?\u00a0<\/span><\/p>\n<p><span style=\"font-weight: 400;\">QR Code scannen und die App auf dem Mobiltelefon installieren.\u00a0<\/span><\/p>\n<ol>\n<li style=\"font-weight: 400;\" aria-level=\"1\"><span style=\"font-weight: 400;\">Dog Tag &#8211; NFC oder QR wird mit dem Mobiltelefon gescannt und so bekommt der Besitzer sofort eine Meldung auf das Handy mit der Nummer des Finders.\u00a0<\/span><\/li>\n<\/ol>\n<p><span style=\"font-weight: 400;\">Die Kontaktaufnahme kann nun durchgef\u00fchrt werden\u00a0<\/span><\/p>\n<ol>\n<li style=\"font-weight: 400;\" aria-level=\"1\"><span style=\"font-weight: 400;\">Der Finder erh\u00e4lt den Zugang zu den wichtigsten Informationen in K\u00fcrze<\/span><span style=\"font-weight: 400;\"><\/span><\/li>\n<\/ol>\n<p style=\"text-align: left;\">\n<p>&nbsp;<\/p>\n<p><span style=\"font-weight: 400;\">Inhalt: NFC und QR Technologie <\/span><\/p>\n<p>[\/et_pb_text][\/et_pb_column][\/et_pb_row][et_pb_row _builder_version=&#8221;4.19.1&#8243; _module_preset=&#8221;default&#8221; global_colors_info=&#8221;{}&#8221;][et_pb_column type=&#8221;4_4&#8243; _builder_version=&#8221;4.19.1&#8243; _module_preset=&#8221;default&#8221; global_colors_info=&#8221;{}&#8221;][et_pb_text _builder_version=&#8221;4.19.1&#8243; _module_preset=&#8221;default&#8221; global_colors_info=&#8221;{}&#8221;]<\/p>\n<p><span style=\"font-weight: 400;\">Zus\u00e4tzliche Features :\u00a0<\/span><\/p>\n<p><span style=\"font-weight: 400;\">Es wird ein Steckbrief des Lieblings erstellt mit den wichtigsten Informationen und einem Foto Ihres Haustieres.<\/span><\/p>\n<p><span style=\"font-weight: 400;\">Was frisst euer Liebling, wie und was sollte beachtet werden, somit ist der Finder mit einem Scan \u00fcber die wichtigsten Punkte in K\u00fcrze informiert. <\/span><\/p>\n<p>[\/et_pb_text][et_pb_image src=&#8221;data:image\/svg+xml;base64,PHN2ZyB3aWR0aD0iMTA4MCIgaGVpZ2h0PSI1NDAiIHZpZXdCb3g9IjAgMCAxMDgwIDU0MCIgeG1sbnM9Imh0dHA6Ly93d3cudzMub3JnLzIwMDAvc3ZnIj4KICAgIDxnIGZpbGw9Im5vbmUiIGZpbGwtcnVsZT0iZXZlbm9kZCI+CiAgICAgICAgPHBhdGggZmlsbD0iI0VCRUJFQiIgZD0iTTAgMGgxMDgwdjU0MEgweiIvPgogICAgICAgIDxwYXRoIGQ9Ik00NDUuNjQ5IDU0MGgtOTguOTk1TDE0NC42NDkgMzM3Ljk5NSAwIDQ4Mi42NDR2LTk4Ljk5NWwxMTYuMzY1LTExNi4zNjVjMTUuNjItMTUuNjIgNDAuOTQ3LTE1LjYyIDU2LjU2OCAwTDQ0NS42NSA1NDB6IiBmaWxsLW9wYWNpdHk9Ii4xIiBmaWxsPSIjMDAwIiBmaWxsLXJ1bGU9Im5vbnplcm8iLz4KICAgICAgICA8Y2lyY2xlIGZpbGwtb3BhY2l0eT0iLjA1IiBmaWxsPSIjMDAwIiBjeD0iMzMxIiBjeT0iMTQ4IiByPSI3MCIvPgogICAgICAgIDxwYXRoIGQ9Ik0xMDgwIDM3OXYxMTMuMTM3TDcyOC4xNjIgMTQwLjMgMzI4LjQ2MiA1NDBIMjE1LjMyNEw2OTkuODc4IDU1LjQ0NmMxNS42Mi0xNS42MiA0MC45NDgtMTUuNjIgNTYuNTY4IDBMMTA4MCAzNzl6IiBmaWxsLW9wYWNpdHk9Ii4yIiBmaWxsPSIjMDAwIiBmaWxsLXJ1bGU9Im5vbnplcm8iLz4KICAgIDwvZz4KPC9zdmc+Cg==&#8221; _builder_version=&#8221;4.19.1&#8243; _module_preset=&#8221;default&#8221; global_colors_info=&#8221;{}&#8221;][\/et_pb_image][\/et_pb_column][\/et_pb_row][et_pb_row _builder_version=&#8221;4.19.1&#8243; _module_preset=&#8221;default&#8221; global_colors_info=&#8221;{}&#8221;][et_pb_column type=&#8221;4_4&#8243; _builder_version=&#8221;4.19.1&#8243; _module_preset=&#8221;default&#8221; global_colors_info=&#8221;{}&#8221;][et_pb_text _builder_version=&#8221;4.19.1&#8243; _module_preset=&#8221;default&#8221; global_colors_info=&#8221;{}&#8221;]<\/p>\n<p><span style=\"font-weight: 400;\">Durch unsere Kontakte und ebenso durch den Einblick in der Tierschutzt\u00e4tigkeit bekamen wir einen \u00dcberblick wie viele Tiere Tag T\u00e4glich entlaufen, nicht jeder hat ein Chipleseger\u00e4t zur Verf\u00fcgung <\/span><span style=\"font-size: 14px;\">oder der Tierarzt nicht permanent ge\u00f6ffnet, so m\u00f6chten wir die Tierhalter mit etwas sinnvollem helfen. <\/span><span style=\"font-size: 14px;\">Meistens ben\u00f6tigt es Zeit, \u00fcber die Chipnummer und den Registrierungsdienst die Halter ausfindig zu machen, dies sind Gr\u00fcnde warum wir die Tierhalter mit unserem Snapi Dog Tag unterst\u00fctzen und n\u00fctzliche Informationen direkt am Tier mittels Halsbandanh\u00e4nger, selbst anbringen k\u00f6nnen.\u00a0<\/span><\/p>\n<p>Der Halter wird sofort informiert wenn die Finderperson den Code scannt. Es erfordert keine zus\u00e4tzliche Aktion und der Besitzer weiss sofort, mein Haustier wurde gefunden! <span style=\"font-size: 14px;\">In der Regel wollen die Halter wissen, wenn man ihren Hund gefunden hat. Mit unserer App ist dies super einfach.\u00a0<\/span><\/p>\n<p>[\/et_pb_text][\/et_pb_column][\/et_pb_row][et_pb_row _builder_version=&#8221;4.19.1&#8243; _module_preset=&#8221;default&#8221; global_colors_info=&#8221;{}&#8221;][et_pb_column type=&#8221;4_4&#8243; _builder_version=&#8221;4.19.1&#8243; _module_preset=&#8221;default&#8221; global_colors_info=&#8221;{}&#8221;][et_pb_text _builder_version=&#8221;4.19.1&#8243; _module_preset=&#8221;default&#8221; global_colors_info=&#8221;{}&#8221;]<\/p>\n<p><span style=\"font-weight: 400;\">QR-Code&#8217;s und die NFC Technologie zu nutzen, um Daten zum Tier zu hinterlegen ist eine Super Sache. Eine Internetseite ist jederzeit modifizierbar. Hier k\u00f6nnen sehr viele Informationen angezeigt werden. Hier kann also direkt am Hund ausgelesen werden, wo er hin geh\u00f6rt, was er braucht und wie er tickt. Telefonnummer,\u00a0 \u00a0 <\/span><span style=\"font-weight: 400;\">E-Mail, Adresse, Medikamentenbedarf, Eigenschaften, sogar die ver\u00f6ffentlichten Informationen zum eigenen Tierarzt, falls der Hund verletzt sein sollte, k\u00f6nnen nun direkt in Erfahrung gebracht werden. Man kann selbst bestimmen, was in den Steckbrief kommt. So ist es gew\u00e4hrleitstet dass das Tier so schnell wie m\u00f6glich nach Hause gebracht werden kann und optimal verpflegt werden kann.\u00a0<\/span><\/p>\n<p>[\/et_pb_text][\/et_pb_column][\/et_pb_row][et_pb_row _builder_version=&#8221;4.19.1&#8243; _module_preset=&#8221;default&#8221; global_colors_info=&#8221;{}&#8221;][et_pb_column type=&#8221;4_4&#8243; _builder_version=&#8221;4.19.1&#8243; _module_preset=&#8221;default&#8221; global_colors_info=&#8221;{}&#8221;][et_pb_text _builder_version=&#8221;4.19.1&#8243; _module_preset=&#8221;default&#8221; global_colors_info=&#8221;{}&#8221;]<\/p>\n<p><span style=\"font-weight: 400;\">100% Zufriedenheit. Wir sind so \u00fcberzeugt von unseren Tags, dass wir, wenn Sie Produktprobleme haben, entweder eine R\u00fcckerstattung oder einen Ersatz bei Ihrem Kauf anbieten k\u00f6nnen. 100% Zufriedenheit. Geld-Zur\u00fcck. Kein \u00c4rger. Wichtig hierbei ist lediglich das Sie uns allf\u00e4llige Probleme sofort melden.\u00a0<\/span><\/p>\n<p>[\/et_pb_text][\/et_pb_column][\/et_pb_row][et_pb_row _builder_version=&#8221;4.19.1&#8243; _module_preset=&#8221;default&#8221; global_colors_info=&#8221;{}&#8221;][et_pb_column type=&#8221;4_4&#8243; _builder_version=&#8221;4.19.1&#8243; _module_preset=&#8221;default&#8221; global_colors_info=&#8221;{}&#8221;][et_pb_text _builder_version=&#8221;4.19.1&#8243; _module_preset=&#8221;default&#8221; global_colors_info=&#8221;{}&#8221;]<\/p>\n<p><span style=\"font-weight: 400;\">Unsere Tags sind f\u00fcr alle Arten von Tieren erh\u00e4ltlich<\/span><\/p>\n<p><span style=\"font-weight: 400;\">Auch Pferde , K\u00fche, alles was euch wichtig ist, kann getagt werden. <\/span><\/p>\n<p>[\/et_pb_text][\/et_pb_column][\/et_pb_row][et_pb_row _builder_version=&#8221;4.19.1&#8243; _module_preset=&#8221;default&#8221; column_structure=&#8221;1_2,1_2&#8243;][et_pb_column _builder_version=&#8221;4.19.1&#8243; _module_preset=&#8221;default&#8221; type=&#8221;1_2&#8243;][et_pb_cta title=&#8221;Your Title Goes Here&#8221; button_text=&#8221;Click Here&#8221; _builder_version=&#8221;4.19.1&#8243; _module_preset=&#8221;default&#8221;]<\/p>\n<p>Your content goes here. Edit or remove this text inline or in the module Content settings. You can also style every aspect of this content in the module Design settings and even apply custom CSS to this text in the module Advanced settings.<\/p>\n<p>[\/et_pb_cta][\/et_pb_column][et_pb_column _builder_version=&#8221;4.19.1&#8243; _module_preset=&#8221;default&#8221; type=&#8221;1_2&#8243;][et_pb_blurb title=&#8221;Unsere Animal Tag&#8217;s\u00a0&#8221; image=&#8221;data:image\/svg+xml;base64,PHN2ZyB3aWR0aD0iMTA4MCIgaGVpZ2h0PSI1NDAiIHZpZXdCb3g9IjAgMCAxMDgwIDU0MCIgeG1sbnM9Imh0dHA6Ly93d3cudzMub3JnLzIwMDAvc3ZnIj4KICAgIDxnIGZpbGw9Im5vbmUiIGZpbGwtcnVsZT0iZXZlbm9kZCI+CiAgICAgICAgPHBhdGggZmlsbD0iI0VCRUJFQiIgZD0iTTAgMGgxMDgwdjU0MEgweiIvPgogICAgICAgIDxwYXRoIGQ9Ik00NDUuNjQ5IDU0MGgtOTguOTk1TDE0NC42NDkgMzM3Ljk5NSAwIDQ4Mi42NDR2LTk4Ljk5NWwxMTYuMzY1LTExNi4zNjVjMTUuNjItMTUuNjIgNDAuOTQ3LTE1LjYyIDU2LjU2OCAwTDQ0NS42NSA1NDB6IiBmaWxsLW9wYWNpdHk9Ii4xIiBmaWxsPSIjMDAwIiBmaWxsLXJ1bGU9Im5vbnplcm8iLz4KICAgICAgICA8Y2lyY2xlIGZpbGwtb3BhY2l0eT0iLjA1IiBmaWxsPSIjMDAwIiBjeD0iMzMxIiBjeT0iMTQ4IiByPSI3MCIvPgogICAgICAgIDxwYXRoIGQ9Ik0xMDgwIDM3OXYxMTMuMTM3TDcyOC4xNjIgMTQwLjMgMzI4LjQ2MiA1NDBIMjE1LjMyNEw2OTkuODc4IDU1LjQ0NmMxNS42Mi0xNS42MiA0MC45NDgtMTUuNjIgNTYuNTY4IDBMMTA4MCAzNzl6IiBmaWxsLW9wYWNpdHk9Ii4yIiBmaWxsPSIjMDAwIiBmaWxsLXJ1bGU9Im5vbnplcm8iLz4KICAgIDwvZz4KPC9zdmc+Cg==&#8221; _builder_version=&#8221;4.19.1&#8243; _module_preset=&#8221;default&#8221; hover_enabled=&#8221;0&#8243; sticky_enabled=&#8221;0&#8243;][\/et_pb_blurb][\/et_pb_column][\/et_pb_row][\/et_pb_section]<\/p>\n","protected":false},"excerpt":{"rendered":"<p>Warum Snapi?\u00a0 Wir geben euch und euren Haustieren Support aus der Schweiz f\u00fcr die Schweiz.\u00a0 Die Software wurde von uns entwickelt und gibt euch und eurem liebsten Haustier eine zus\u00e4tzliche Sicherheit. Sollte mal der Liebling ausb\u00fcxen, macht euch keine Sorgen, sobald der Tag von dem Finder gescannt wird, erh\u00e4lt ihr sofort eine Benachrichtigung auf euer [&hellip;]<\/p>\n","protected":false},"author":1,"featured_media":0,"parent":0,"menu_order":0,"comment_status":"closed","ping_status":"closed","template":"","meta":{"_et_pb_use_builder":"on","_et_pb_old_content":"","_et_gb_content_width":"","footnotes":""},"class_list":["post-31","page","type-page","status-publish","hentry"],"_links":{"self":[{"href":"https:\/\/www.snapi.ch\/index.php\/wp-json\/wp\/v2\/pages\/31","targetHints":{"allow":["GET"]}}],"collection":[{"href":"https:\/\/www.snapi.ch\/index.php\/wp-json\/wp\/v2\/pages"}],"about":[{"href":"https:\/\/www.snapi.ch\/index.php\/wp-json\/wp\/v2\/types\/page"}],"author":[{"embeddable":true,"href":"https:\/\/www.snapi.ch\/index.php\/wp-json\/wp\/v2\/users\/1"}],"replies":[{"embeddable":true,"href":"https:\/\/www.snapi.ch\/index.php\/wp-json\/wp\/v2\/comments?post=31"}],"version-history":[{"count":5,"href":"https:\/\/www.snapi.ch\/index.php\/wp-json\/wp\/v2\/pages\/31\/revisions"}],"predecessor-version":[{"id":78,"href":"https:\/\/www.snapi.ch\/index.php\/wp-json\/wp\/v2\/pages\/31\/revisions\/78"}],"wp:attachment":[{"href":"https:\/\/www.snapi.ch\/index.php\/wp-json\/wp\/v2\/media?parent=31"}],"curies":[{"name":"wp","href":"https:\/\/api.w.org\/{rel}","templated":true}]}}